{"id":11968,"date":"2020-05-11T18:40:57","date_gmt":"2020-05-11T16:40:57","guid":{"rendered":"https:\/\/www.wydawnictwoalbatros.com\/authors-voice\/"},"modified":"2020-05-12T15:10:31","modified_gmt":"2020-05-12T13:10:31","slug":"authors-voice","status":"publish","type":"page","link":"https:\/\/www.wydawnictwoalbatros.com\/en\/authors-voice\/","title":{"rendered":"Authors\u2019 Voice"},"content":{"rendered":"<p>[et_pb_section bb_built=&#8221;1&#8243; _builder_version=&#8221;3.18.2&#8243; custom_margin=&#8221;60px|||&#8221; custom_margin_phone=&#8221;0px|||&#8221; custom_margin_last_edited=&#8221;on|phone&#8221; next_background_color=&#8221;#f3f3f3&#8243;][et_pb_row _builder_version=&#8221;3.18.2&#8243; border_width_bottom=&#8221;1px&#8221; border_color_bottom=&#8221;#000000&#8243; custom_margin=&#8221;20px||20px|&#8221; custom_padding=&#8221;||40px|&#8221;][et_pb_column type=&#8221;2_5&#8243;][et_pb_text admin_label=&#8221;Naglow&#8221; module_class=&#8221;naglow&#8221; _builder_version=&#8221;3.18.2&#8243;]<\/p>\n<h2 class=\"section-title section-title-big\">Authors\u2019 Voice<\/h2>\n<p>[\/et_pb_text][\/et_pb_column][et_pb_column type=&#8221;3_5&#8243;][et_pb_text _builder_version=&#8221;3.18.2&#8243;]<\/p>\n<p><strong>Harlan Coben, Ken Follett, Graham Masterton and many others. Bestselling authors of contemporary literature encourage Poles to stay home during the pandemic and\u2026 read. Writers from across the world joined the campaign \u2018Authors\u2019 Voice\u2019 organised by Albatros Publishing House and Literia, an online bookshop.<\/strong><\/p>\n<p>\u2018Authors\u2019 Voice\u2019 is part of a more extensive, Onet\u2019s campaign #zostajewdomu (\u2018I am staying  home\u2019). To promote it, acclaimed writers have been asked to record short films with a message for Polish readers. The feedback is most impressive.<\/p>\n<p>Video clips with a special message for the Poles have arrived from celebrity writers from far ends of the world. Ken Follett, Lucinda Riley, Diane Setterfield, Harlan Coben, Alex Marwood, Antti Tuomainen, B.A. Paris and Graham Masterton in a unanimous effort encourage us to contain the spread of the pandemic.<\/p>\n<p>Not only do they urge the readers to follow doctors\u2019 recommendations but also share with us their own ways of spending time while self-isolating. Some of them explore the secrets of vegan cooking and yoga, some work on a new book, and yet others occupy themselves with gardening. And every one of them reads.<\/p>\n<p>The received recordings are terribly authentic. Despite all the fame, money and what might seem to be life on the other side of the mirror, bestselling authors experience today the same kind of problems as the rest of us. They look after their parents, help the neighbours and stay at home waiting for the end of the contagion. Because it is healthy and safe for other people. I wholeheartedly encourage our readers to do just that, says Aleksandra Sa\u0142uga, CEO Albatros Publishing House.<\/p>\n<p><strong>#zostajewdomu #czytamksi\u0105\u017cki #AutorzyM\u00f3wi\u0105<br \/>\n#stayhome #readbooks #AuthorsVoice<\/strong><\/p>\n<p>[\/et_pb_text][\/et_pb_column][\/et_pb_row][et_pb_row][et_pb_column type=&#8221;1_3&#8243;][et_pb_text _builder_version=&#8221;3.18.2&#8243; module_class=&#8221;autor-mowi&#8221; animation_style=&#8221;fade&#8221;]<\/p>\n<p><iframe loading=\"lazy\" width=\"1080\" height=\"608\" src=\"https:\/\/www.youtube.com\/embed\/MEel6I09D9c?feature=oembed\" frameborder=\"0\" allow=\"accelerometer; autoplay; encrypted-media; gyroscope; picture-in-picture\" allowfullscreen><\/iframe><\/p>\n<p>\u201cYou\u2019re never trully alone if you have books\u201d<\/p>\n<p><strong>Alex Marwood<\/strong><\/p>\n<p>[\/et_pb_text][\/et_pb_column][et_pb_column type=&#8221;1_3&#8243;][et_pb_text _builder_version=&#8221;3.18.2&#8243; module_class=&#8221;autor-mowi&#8221; animation_style=&#8221;fade&#8221;]<\/p>\n<p><iframe loading=\"lazy\" width=\"1080\" height=\"810\" src=\"https:\/\/www.youtube.com\/embed\/4iSudojIqLs?feature=oembed\" frameborder=\"0\" allow=\"accelerometer; autoplay; encrypted-media; gyroscope; picture-in-picture\" allowfullscreen><\/iframe><\/p>\n<p>\u201cSo let\u2019s read books, stay safe and see each other very, very soon\u201d<\/p>\n<p><strong>Antti Tuomainen<\/strong><\/p>\n<p>[\/et_pb_text][\/et_pb_column][et_pb_column type=&#8221;1_3&#8243;][et_pb_text _builder_version=&#8221;3.18.2&#8243; module_class=&#8221;autor-mowi&#8221; animation_style=&#8221;fade&#8221;]<\/p>\n<p><iframe loading=\"lazy\" width=\"1080\" height=\"608\" src=\"https:\/\/www.youtube.com\/embed\/w1S2gTIHYgE?feature=oembed\" frameborder=\"0\" allow=\"accelerometer; autoplay; encrypted-media; gyroscope; picture-in-picture\" allowfullscreen><\/iframe><\/p>\n<p>\u201cI have started writing new book especially for you\u201d<\/p>\n<p><strong>B.A. Paris<\/strong><\/p>\n<p>[\/et_pb_text][\/et_pb_column][\/et_pb_row][et_pb_row][et_pb_column type=&#8221;1_3&#8243;][et_pb_text _builder_version=&#8221;3.18.2&#8243; module_class=&#8221;autor-mowi&#8221; animation_style=&#8221;fade&#8221;]<\/p>\n<p><iframe loading=\"lazy\" width=\"1080\" height=\"608\" src=\"https:\/\/www.youtube.com\/embed\/TE2wMd3z8q8?feature=oembed\" frameborder=\"0\" allow=\"accelerometer; autoplay; encrypted-media; gyroscope; picture-in-picture\" allowfullscreen><\/iframe><\/p>\n<p>\u201cHuman spirit can survive the biggest hardship\u201d<\/p>\n<p><strong>Diane Setterfield<\/strong><\/p>\n<p>[\/et_pb_text][\/et_pb_column][et_pb_column type=&#8221;1_3&#8243;][et_pb_text _builder_version=&#8221;3.18.2&#8243; module_class=&#8221;autor-mowi&#8221; animation_style=&#8221;fade&#8221;]<\/p>\n<p><iframe loading=\"lazy\" width=\"1080\" height=\"608\" src=\"https:\/\/www.youtube.com\/embed\/uky6AoWddKI?feature=oembed\" frameborder=\"0\" allow=\"accelerometer; autoplay; encrypted-media; gyroscope; picture-in-picture\" allowfullscreen><\/iframe><\/p>\n<p>\u201cWe\u2019re all imprisoned at the moment so the only thing we can do is to stay at home. Because if we stay at home we will save a great many lives\u201d<\/p>\n<p><strong>Graham Masterton<\/strong><\/p>\n<p>[\/et_pb_text][\/et_pb_column][et_pb_column type=&#8221;1_3&#8243;][et_pb_text _builder_version=&#8221;3.18.2&#8243; module_class=&#8221;autor-mowi&#8221; animation_style=&#8221;fade&#8221;]<\/p>\n<p><iframe loading=\"lazy\" width=\"1080\" height=\"608\" src=\"https:\/\/www.youtube.com\/embed\/eWwniD-9qSM?feature=oembed\" frameborder=\"0\" allow=\"accelerometer; autoplay; encrypted-media; gyroscope; picture-in-picture\" allowfullscreen><\/iframe><\/p>\n<p>\u201cI\u2019ll keep you company if you want but please STAY HOME\u201d<\/p>\n<p><strong>Harlan Coben<\/strong><\/p>\n<p>[\/et_pb_text][\/et_pb_column][\/et_pb_row][et_pb_row][et_pb_column type=&#8221;1_3&#8243;][et_pb_text _builder_version=&#8221;3.18.2&#8243; module_class=&#8221;autor-mowi&#8221; animation_style=&#8221;fade&#8221;]<\/p>\n<p><iframe loading=\"lazy\" width=\"1080\" height=\"608\" src=\"https:\/\/www.youtube.com\/embed\/-crpFL0z8lE?feature=oembed\" frameborder=\"0\" allow=\"accelerometer; autoplay; encrypted-media; gyroscope; picture-in-picture\" allowfullscreen><\/iframe><\/p>\n<p>\u201cThe virus is terrible but at least we have books\u201d<\/p>\n<p><strong>Ken Follett<\/strong><\/p>\n<p>[\/et_pb_text][\/et_pb_column][et_pb_column type=&#8221;1_3&#8243;][et_pb_text _builder_version=&#8221;3.18.2&#8243; module_class=&#8221;autor-mowi&#8221; animation_style=&#8221;fade&#8221;]<\/p>\n<p><iframe loading=\"lazy\" width=\"1080\" height=\"608\" src=\"https:\/\/www.youtube.com\/embed\/n6cI7AnGJaU?feature=oembed\" frameborder=\"0\" allow=\"accelerometer; autoplay; encrypted-media; gyroscope; picture-in-picture\" allowfullscreen><\/iframe><\/p>\n<p>\u201cWhile you are at home, let yourself be carried away by the imagination and disappear like I do when I am writing\u201d<\/p>\n<p><strong>Lucinda Riley<\/strong><\/p>\n<p>[\/et_pb_text][\/et_pb_column][et_pb_column type=&#8221;1_3&#8243;][et_pb_text _builder_version=&#8221;3.18.2&#8243; module_class=&#8221;autor-mowi&#8221; animation_style=&#8221;fade&#8221;]<\/p>\n<p><iframe loading=\"lazy\" width=\"1080\" height=\"608\" src=\"https:\/\/www.youtube.com\/embed\/4qGcWJwMees?feature=oembed\" frameborder=\"0\" allow=\"accelerometer; autoplay; encrypted-media; gyroscope; picture-in-picture\" allowfullscreen><\/iframe><\/p>\n<p>\u201cTake care of yourself, take care of your safety, protect yourself and read books!\u201d<\/p>\n<p><strong>John Grisham<\/strong><\/p>\n<p>[\/et_pb_text][\/et_pb_column][\/et_pb_row][\/et_pb_section][et_pb_section bb_built=&#8221;1&#8243; specialty=&#8221;off&#8221; prev_background_color=&#8221;#ffffff&#8221; _builder_version=&#8221;3.18.2&#8243; background_color=&#8221;#f3f3f3&#8243;][et_pb_row][et_pb_column type=&#8221;1_2&#8243;][et_pb_blurb _builder_version=&#8221;3.18.2&#8243; title=&#8221;You can join the action!&#8221; header_font=&#8221;Playfair Display|700|||||||&#8221; header_font_size=&#8221;49&#8243; header_font_size_phone=&#8221;43&#8243; header_font_size_last_edited=&#8221;on|phone&#8221; \/][\/et_pb_column][et_pb_column type=&#8221;1_2&#8243;][et_pb_cta _builder_version=&#8221;3.18.2&#8243; background_color=&#8221;rgba(126,190,197,0)&#8221; use_background_color=&#8221;off&#8221; module_class=&#8221;autor-cta&#8221; url_new_window=&#8221;on&#8221; text_orientation=&#8221;left&#8221; background_layout=&#8221;light&#8221; button_text=&#8221;#zostajewdomu #czytamksi\u0105\u017cki&#8221; button_url=&#8221;#&#8221; custom_margin=&#8221;30px|||&#8221; custom_margin_phone=&#8221;0px|||&#8221; custom_margin_last_edited=&#8221;on|phone&#8221;]<\/p>\n<p>Join action by sharing your photo on Instagram or Facebook with your favorite book and the card with hashtags:<\/p>\n<p>[\/et_pb_cta][\/et_pb_column][\/et_pb_row][\/et_pb_section]<\/p>\n","protected":false},"excerpt":{"rendered":"<p>Authors\u2019 Voice Harlan Coben, Ken Follett, Graham Masterton and many others. Bestselling authors of contemporary literature encourage Poles to stay home during the pandemic and\u2026 read. Writers from across the world joined the campaign \u2018Authors\u2019 Voice\u2019 organised by Albatros Publishing House and Literia, an online bookshop. \u2018Authors\u2019 Voice\u2019 is part of a more extensive, Onet\u2019s [&hellip;]<\/p>\n","protected":false},"author":3,"featured_media":0,"parent":0,"menu_order":0,"comment_status":"closed","ping_status":"closed","template":"","meta":{"_acf_changed":false,"_et_pb_use_builder":"on","_et_pb_old_content":"","_et_gb_content_width":"","inline_featured_image":false,"footnotes":""},"class_list":["post-11968","page","type-page","status-publish","hentry"],"acf":[],"yoast_head":"<!-- This site is optimized with the Yoast SEO plugin v27.3 - https:\/\/yoast.com\/product\/yoast-seo-wordpress\/ -->\n<title>Authors\u2019 Voice - Wydawnictwo Albatros<\/title>\n<meta name=\"robots\" content=\"index, follow, max-snippet:-1, max-image-preview:large, max-video-preview:-1\" \/>\n<link rel=\"canonical\" href=\"https:\/\/www.wydawnictwoalbatros.com\/en\/authors-voice\/\" \/>\n<meta property=\"og:locale\" content=\"en_US\" \/>\n<meta property=\"og:type\" content=\"article\" \/>\n<meta property=\"og:title\" content=\"Authors\u2019 Voice - Wydawnictwo Albatros\" \/>\n<meta property=\"og:description\" content=\"Authors\u2019 Voice Harlan Coben, Ken Follett, Graham Masterton and many others. Bestselling authors of contemporary literature encourage Poles to stay home during the pandemic and\u2026 read. Writers from across the world joined the campaign \u2018Authors\u2019 Voice\u2019 organised by Albatros Publishing House and Literia, an online bookshop. \u2018Authors\u2019 Voice\u2019 is part of a more extensive, Onet\u2019s [&hellip;]\" \/>\n<meta property=\"og:url\" content=\"https:\/\/www.wydawnictwoalbatros.com\/en\/authors-voice\/\" \/>\n<meta property=\"og:site_name\" content=\"Wydawnictwo Albatros\" \/>\n<meta property=\"article:modified_time\" content=\"2020-05-12T13:10:31+00:00\" \/>\n<meta name=\"twitter:card\" content=\"summary_large_image\" \/>\n<meta name=\"twitter:label1\" content=\"Est. reading time\" \/>\n\t<meta name=\"twitter:data1\" content=\"5 minutes\" \/>\n<script type=\"application\/ld+json\" class=\"yoast-schema-graph\">{\"@context\":\"https:\\\/\\\/schema.org\",\"@graph\":[{\"@type\":\"WebPage\",\"@id\":\"https:\\\/\\\/www.wydawnictwoalbatros.com\\\/en\\\/authors-voice\\\/\",\"url\":\"https:\\\/\\\/www.wydawnictwoalbatros.com\\\/en\\\/authors-voice\\\/\",\"name\":\"Authors\u2019 Voice - Wydawnictwo Albatros\",\"isPartOf\":{\"@id\":\"https:\\\/\\\/www.wydawnictwoalbatros.com\\\/en\\\/#website\"},\"datePublished\":\"2020-05-11T16:40:57+00:00\",\"dateModified\":\"2020-05-12T13:10:31+00:00\",\"breadcrumb\":{\"@id\":\"https:\\\/\\\/www.wydawnictwoalbatros.com\\\/en\\\/authors-voice\\\/#breadcrumb\"},\"inLanguage\":\"en-US\",\"potentialAction\":[{\"@type\":\"ReadAction\",\"target\":[\"https:\\\/\\\/www.wydawnictwoalbatros.com\\\/en\\\/authors-voice\\\/\"]}]},{\"@type\":\"BreadcrumbList\",\"@id\":\"https:\\\/\\\/www.wydawnictwoalbatros.com\\\/en\\\/authors-voice\\\/#breadcrumb\",\"itemListElement\":[{\"@type\":\"ListItem\",\"position\":1,\"name\":\"Home\",\"item\":\"https:\\\/\\\/www.wydawnictwoalbatros.com\\\/en\\\/\"},{\"@type\":\"ListItem\",\"position\":2,\"name\":\"Authors\u2019 Voice\"}]},{\"@type\":\"WebSite\",\"@id\":\"https:\\\/\\\/www.wydawnictwoalbatros.com\\\/en\\\/#website\",\"url\":\"https:\\\/\\\/www.wydawnictwoalbatros.com\\\/en\\\/\",\"name\":\"Wydawnictwo Albatros\",\"description\":\"mi\u0142o\u015bnicy ksi\u0105\u017cek pe\u0142ni pasji\",\"potentialAction\":[{\"@type\":\"SearchAction\",\"target\":{\"@type\":\"EntryPoint\",\"urlTemplate\":\"https:\\\/\\\/www.wydawnictwoalbatros.com\\\/en\\\/?s={search_term_string}\"},\"query-input\":{\"@type\":\"PropertyValueSpecification\",\"valueRequired\":true,\"valueName\":\"search_term_string\"}}],\"inLanguage\":\"en-US\"}]}<\/script>\n<!-- \/ Yoast SEO plugin. -->","yoast_head_json":{"title":"Authors\u2019 Voice - Wydawnictwo Albatros","robots":{"index":"index","follow":"follow","max-snippet":"max-snippet:-1","max-image-preview":"max-image-preview:large","max-video-preview":"max-video-preview:-1"},"canonical":"https:\/\/www.wydawnictwoalbatros.com\/en\/authors-voice\/","og_locale":"en_US","og_type":"article","og_title":"Authors\u2019 Voice - Wydawnictwo Albatros","og_description":"Authors\u2019 Voice Harlan Coben, Ken Follett, Graham Masterton and many others. Bestselling authors of contemporary literature encourage Poles to stay home during the pandemic and\u2026 read. Writers from across the world joined the campaign \u2018Authors\u2019 Voice\u2019 organised by Albatros Publishing House and Literia, an online bookshop. \u2018Authors\u2019 Voice\u2019 is part of a more extensive, Onet\u2019s [&hellip;]","og_url":"https:\/\/www.wydawnictwoalbatros.com\/en\/authors-voice\/","og_site_name":"Wydawnictwo Albatros","article_modified_time":"2020-05-12T13:10:31+00:00","twitter_card":"summary_large_image","twitter_misc":{"Est. reading time":"5 minutes"},"schema":{"@context":"https:\/\/schema.org","@graph":[{"@type":"WebPage","@id":"https:\/\/www.wydawnictwoalbatros.com\/en\/authors-voice\/","url":"https:\/\/www.wydawnictwoalbatros.com\/en\/authors-voice\/","name":"Authors\u2019 Voice - Wydawnictwo Albatros","isPartOf":{"@id":"https:\/\/www.wydawnictwoalbatros.com\/en\/#website"},"datePublished":"2020-05-11T16:40:57+00:00","dateModified":"2020-05-12T13:10:31+00:00","breadcrumb":{"@id":"https:\/\/www.wydawnictwoalbatros.com\/en\/authors-voice\/#breadcrumb"},"inLanguage":"en-US","potentialAction":[{"@type":"ReadAction","target":["https:\/\/www.wydawnictwoalbatros.com\/en\/authors-voice\/"]}]},{"@type":"BreadcrumbList","@id":"https:\/\/www.wydawnictwoalbatros.com\/en\/authors-voice\/#breadcrumb","itemListElement":[{"@type":"ListItem","position":1,"name":"Home","item":"https:\/\/www.wydawnictwoalbatros.com\/en\/"},{"@type":"ListItem","position":2,"name":"Authors\u2019 Voice"}]},{"@type":"WebSite","@id":"https:\/\/www.wydawnictwoalbatros.com\/en\/#website","url":"https:\/\/www.wydawnictwoalbatros.com\/en\/","name":"Wydawnictwo Albatros","description":"mi\u0142o\u015bnicy ksi\u0105\u017cek pe\u0142ni pasji","potentialAction":[{"@type":"SearchAction","target":{"@type":"EntryPoint","urlTemplate":"https:\/\/www.wydawnictwoalbatros.com\/en\/?s={search_term_string}"},"query-input":{"@type":"PropertyValueSpecification","valueRequired":true,"valueName":"search_term_string"}}],"inLanguage":"en-US"}]}},"_links":{"self":[{"href":"https:\/\/www.wydawnictwoalbatros.com\/en\/wp-json\/wp\/v2\/pages\/11968","targetHints":{"allow":["GET"]}}],"collection":[{"href":"https:\/\/www.wydawnictwoalbatros.com\/en\/wp-json\/wp\/v2\/pages"}],"about":[{"href":"https:\/\/www.wydawnictwoalbatros.com\/en\/wp-json\/wp\/v2\/types\/page"}],"author":[{"embeddable":true,"href":"https:\/\/www.wydawnictwoalbatros.com\/en\/wp-json\/wp\/v2\/users\/3"}],"replies":[{"embeddable":true,"href":"https:\/\/www.wydawnictwoalbatros.com\/en\/wp-json\/wp\/v2\/comments?post=11968"}],"version-history":[{"count":0,"href":"https:\/\/www.wydawnictwoalbatros.com\/en\/wp-json\/wp\/v2\/pages\/11968\/revisions"}],"wp:attachment":[{"href":"https:\/\/www.wydawnictwoalbatros.com\/en\/wp-json\/wp\/v2\/media?parent=11968"}],"curies":[{"name":"wp","href":"https:\/\/api.w.org\/{rel}","templated":true}]}}