{"id":7021,"date":"2018-12-12T09:43:11","date_gmt":"2018-12-12T08:43:11","guid":{"rendered":"https:\/\/www.wydawnictwoalbatros.com\/home\/"},"modified":"2023-05-16T10:35:38","modified_gmt":"2023-05-16T08:35:38","slug":"strona-glowna","status":"publish","type":"page","link":"https:\/\/www.wydawnictwoalbatros.com\/en\/","title":{"rendered":"Strona G\u0142\u00f3wna"},"content":{"rendered":"<p>[et_pb_section admin_label=&#8221;section&#8221;]<br \/>\n\t\t\t[et_pb_row admin_label=&#8221;row&#8221;]<br \/>\n\t\t\t\t[et_pb_column type=&#8221;4_4&#8243;][\/et_pb_column]<br \/>\n\t\t\t[\/et_pb_row]<br \/>\n\t\t[\/et_pb_section]<\/p>\n","protected":false},"excerpt":{"rendered":"","protected":false},"author":3,"featured_media":0,"parent":0,"menu_order":0,"comment_status":"closed","ping_status":"closed","template":"","meta":{"_acf_changed":false,"_et_pb_use_builder":"on","_et_pb_old_content":"","_et_gb_content_width":"","inline_featured_image":false,"footnotes":""},"class_list":["post-7021","page","type-page","status-publish","hentry"],"acf":[],"yoast_head":"<!-- This site is optimized with the Yoast SEO plugin v27.3 - https:\/\/yoast.com\/product\/yoast-seo-wordpress\/ -->\n<title>Wydawnictwo Albatros - mi\u0142o\u015bnicy ksi\u0105\u017cek pe\u0142ni pasji<\/title>\n<meta name=\"description\" content=\"Nie stronimy od ksi\u0105\u017cek kontrowersyjnych, unikamy tytu\u0142\u00f3w byle jakich.Najs\u0142awniejsi autorzy, najg\u0142o\u015bniejsze ksi\u0105\u017cki, najwi\u0119ksze \u015bwiatowe bestsellery\" \/>\n<meta name=\"robots\" content=\"index, follow, max-snippet:-1, max-image-preview:large, max-video-preview:-1\" \/>\n<link rel=\"canonical\" href=\"https:\/\/www.wydawnictwoalbatros.com\/en\/\" \/>\n<meta property=\"og:locale\" content=\"en_US\" \/>\n<meta property=\"og:type\" content=\"article\" \/>\n<meta property=\"og:title\" content=\"Wydawnictwo Albatros - mi\u0142o\u015bnicy ksi\u0105\u017cek pe\u0142ni pasji\" \/>\n<meta property=\"og:description\" content=\"Nie stronimy od ksi\u0105\u017cek kontrowersyjnych, unikamy tytu\u0142\u00f3w byle jakich.Najs\u0142awniejsi autorzy, najg\u0142o\u015bniejsze ksi\u0105\u017cki, najwi\u0119ksze \u015bwiatowe bestsellery\" \/>\n<meta property=\"og:url\" content=\"https:\/\/www.wydawnictwoalbatros.com\/en\/\" \/>\n<meta property=\"og:site_name\" content=\"Wydawnictwo Albatros\" \/>\n<meta property=\"article:modified_time\" content=\"2023-05-16T08:35:38+00:00\" \/>\n<meta name=\"twitter:card\" content=\"summary_large_image\" \/>\n<script type=\"application\/ld+json\" class=\"yoast-schema-graph\">{\"@context\":\"https:\\\/\\\/schema.org\",\"@graph\":[{\"@type\":\"WebPage\",\"@id\":\"https:\\\/\\\/www.wydawnictwoalbatros.com\\\/en\\\/\",\"url\":\"https:\\\/\\\/www.wydawnictwoalbatros.com\\\/en\\\/\",\"name\":\"Wydawnictwo Albatros - mi\u0142o\u015bnicy ksi\u0105\u017cek pe\u0142ni pasji\",\"isPartOf\":{\"@id\":\"https:\\\/\\\/www.wydawnictwoalbatros.com\\\/en\\\/#website\"},\"datePublished\":\"2018-12-12T08:43:11+00:00\",\"dateModified\":\"2023-05-16T08:35:38+00:00\",\"description\":\"Nie stronimy od ksi\u0105\u017cek kontrowersyjnych, unikamy tytu\u0142\u00f3w byle jakich.Najs\u0142awniejsi autorzy, najg\u0142o\u015bniejsze ksi\u0105\u017cki, najwi\u0119ksze \u015bwiatowe bestsellery\",\"breadcrumb\":{\"@id\":\"https:\\\/\\\/www.wydawnictwoalbatros.com\\\/en\\\/#breadcrumb\"},\"inLanguage\":\"en-US\",\"potentialAction\":[{\"@type\":\"ReadAction\",\"target\":[\"https:\\\/\\\/www.wydawnictwoalbatros.com\\\/en\\\/\"]}]},{\"@type\":\"BreadcrumbList\",\"@id\":\"https:\\\/\\\/www.wydawnictwoalbatros.com\\\/en\\\/#breadcrumb\",\"itemListElement\":[{\"@type\":\"ListItem\",\"position\":1,\"name\":\"Home\",\"item\":\"https:\\\/\\\/www.wydawnictwoalbatros.com\\\/en\\\/\"},{\"@type\":\"ListItem\",\"position\":2,\"name\":\"Strona G\u0142\u00f3wna\"}]},{\"@type\":\"WebSite\",\"@id\":\"https:\\\/\\\/www.wydawnictwoalbatros.com\\\/en\\\/#website\",\"url\":\"https:\\\/\\\/www.wydawnictwoalbatros.com\\\/en\\\/\",\"name\":\"Wydawnictwo Albatros\",\"description\":\"mi\u0142o\u015bnicy ksi\u0105\u017cek pe\u0142ni pasji\",\"potentialAction\":[{\"@type\":\"SearchAction\",\"target\":{\"@type\":\"EntryPoint\",\"urlTemplate\":\"https:\\\/\\\/www.wydawnictwoalbatros.com\\\/en\\\/?s={search_term_string}\"},\"query-input\":{\"@type\":\"PropertyValueSpecification\",\"valueRequired\":true,\"valueName\":\"search_term_string\"}}],\"inLanguage\":\"en-US\"}]}<\/script>\n<!-- \/ Yoast SEO plugin. -->","yoast_head_json":{"title":"Wydawnictwo Albatros - mi\u0142o\u015bnicy ksi\u0105\u017cek pe\u0142ni pasji","description":"Nie stronimy od ksi\u0105\u017cek kontrowersyjnych, unikamy tytu\u0142\u00f3w byle jakich.Najs\u0142awniejsi autorzy, najg\u0142o\u015bniejsze ksi\u0105\u017cki, najwi\u0119ksze \u015bwiatowe bestsellery","robots":{"index":"index","follow":"follow","max-snippet":"max-snippet:-1","max-image-preview":"max-image-preview:large","max-video-preview":"max-video-preview:-1"},"canonical":"https:\/\/www.wydawnictwoalbatros.com\/en\/","og_locale":"en_US","og_type":"article","og_title":"Wydawnictwo Albatros - mi\u0142o\u015bnicy ksi\u0105\u017cek pe\u0142ni pasji","og_description":"Nie stronimy od ksi\u0105\u017cek kontrowersyjnych, unikamy tytu\u0142\u00f3w byle jakich.Najs\u0142awniejsi autorzy, najg\u0142o\u015bniejsze ksi\u0105\u017cki, najwi\u0119ksze \u015bwiatowe bestsellery","og_url":"https:\/\/www.wydawnictwoalbatros.com\/en\/","og_site_name":"Wydawnictwo Albatros","article_modified_time":"2023-05-16T08:35:38+00:00","twitter_card":"summary_large_image","schema":{"@context":"https:\/\/schema.org","@graph":[{"@type":"WebPage","@id":"https:\/\/www.wydawnictwoalbatros.com\/en\/","url":"https:\/\/www.wydawnictwoalbatros.com\/en\/","name":"Wydawnictwo Albatros - mi\u0142o\u015bnicy ksi\u0105\u017cek pe\u0142ni pasji","isPartOf":{"@id":"https:\/\/www.wydawnictwoalbatros.com\/en\/#website"},"datePublished":"2018-12-12T08:43:11+00:00","dateModified":"2023-05-16T08:35:38+00:00","description":"Nie stronimy od ksi\u0105\u017cek kontrowersyjnych, unikamy tytu\u0142\u00f3w byle jakich.Najs\u0142awniejsi autorzy, najg\u0142o\u015bniejsze ksi\u0105\u017cki, najwi\u0119ksze \u015bwiatowe bestsellery","breadcrumb":{"@id":"https:\/\/www.wydawnictwoalbatros.com\/en\/#breadcrumb"},"inLanguage":"en-US","potentialAction":[{"@type":"ReadAction","target":["https:\/\/www.wydawnictwoalbatros.com\/en\/"]}]},{"@type":"BreadcrumbList","@id":"https:\/\/www.wydawnictwoalbatros.com\/en\/#breadcrumb","itemListElement":[{"@type":"ListItem","position":1,"name":"Home","item":"https:\/\/www.wydawnictwoalbatros.com\/en\/"},{"@type":"ListItem","position":2,"name":"Strona G\u0142\u00f3wna"}]},{"@type":"WebSite","@id":"https:\/\/www.wydawnictwoalbatros.com\/en\/#website","url":"https:\/\/www.wydawnictwoalbatros.com\/en\/","name":"Wydawnictwo Albatros","description":"mi\u0142o\u015bnicy ksi\u0105\u017cek pe\u0142ni pasji","potentialAction":[{"@type":"SearchAction","target":{"@type":"EntryPoint","urlTemplate":"https:\/\/www.wydawnictwoalbatros.com\/en\/?s={search_term_string}"},"query-input":{"@type":"PropertyValueSpecification","valueRequired":true,"valueName":"search_term_string"}}],"inLanguage":"en-US"}]}},"_links":{"self":[{"href":"https:\/\/www.wydawnictwoalbatros.com\/en\/wp-json\/wp\/v2\/pages\/7021","targetHints":{"allow":["GET"]}}],"collection":[{"href":"https:\/\/www.wydawnictwoalbatros.com\/en\/wp-json\/wp\/v2\/pages"}],"about":[{"href":"https:\/\/www.wydawnictwoalbatros.com\/en\/wp-json\/wp\/v2\/types\/page"}],"author":[{"embeddable":true,"href":"https:\/\/www.wydawnictwoalbatros.com\/en\/wp-json\/wp\/v2\/users\/3"}],"replies":[{"embeddable":true,"href":"https:\/\/www.wydawnictwoalbatros.com\/en\/wp-json\/wp\/v2\/comments?post=7021"}],"version-history":[{"count":0,"href":"https:\/\/www.wydawnictwoalbatros.com\/en\/wp-json\/wp\/v2\/pages\/7021\/revisions"}],"wp:attachment":[{"href":"https:\/\/www.wydawnictwoalbatros.com\/en\/wp-json\/wp\/v2\/media?parent=7021"}],"curies":[{"name":"wp","href":"https:\/\/api.w.org\/{rel}","templated":true}]}}