{"id":7571,"date":"2019-03-10T18:25:14","date_gmt":"2019-03-10T17:25:14","guid":{"rendered":"https:\/\/www.wydawnictwoalbatros.com\/about-us\/"},"modified":"2019-03-10T19:43:09","modified_gmt":"2019-03-10T18:43:09","slug":"about-us","status":"publish","type":"page","link":"https:\/\/www.wydawnictwoalbatros.com\/en\/about-us\/","title":{"rendered":"About us"},"content":{"rendered":"<p>[et_pb_section fb_built=&#8221;1&#8243; module_class=&#8221;bezowa topowa&#8221; _builder_version=&#8221;3.18.2&#8243; background_color=&#8221;#F6F3ED&#8221; locked=&#8221;off&#8221; collapsed=&#8221;off&#8221;][et_pb_row module_class=&#8221;na-bez krotkie-bez&#8221; _builder_version=&#8221;3.18.2&#8243; collapsed=&#8221;off&#8221;][et_pb_column type=&#8221;4_4&#8243; _builder_version=&#8221;3.18.2&#8243; parallax=&#8221;off&#8221; parallax_method=&#8221;on&#8221;][et_pb_text admin_label=&#8221;Naglow&#8221; module_class=&#8221;naglow&#8221; _builder_version=&#8221;3.18.2&#8243;]<\/p>\n<h2 class=\"section-title section-title-big\">ABOUT US<\/h2>\n<p>[\/et_pb_text][et_pb_text _builder_version=&#8221;3.18.2&#8243;]<\/p>\n<p>Albatros Publishing House was established in November 1994 by Andrzej Kury\u0142owicz \u2013 a passionate book\u2013enthusiast.\u00a0 At the end of 2010 Albatros was one of the first publishing houses in Poland to enter into e-book market.\u00a0 Albatros publishes contemporary fiction and non-fiction, with the prevalence of literature translated from English, French and Spanish. Albatros\u2019 portfolio is diversified, it encompasses classic canon books of the latter half of the 20<sup>th <\/sup>century, as well as carefully selected, compelling works of commercial fiction.<\/p>\n<p><strong>World\u2019s most celebrated authors, renowned books and greatest bestsellers<\/strong> \u2013 this is our credo.<\/p>\n<p>The list of authors is our greatest asset. To a large extent it is comprised of world\u2019s greatest writers (most-read or acknowledged by critics), as well as authors considered contemporary classics (inter alia Mario Puzo, J.D. Salinger, Ken Kesey, Joseph Heller, Kurt Vonnegut). There are<strong> Nobel laureates<\/strong> &#8211; Kazuo Ishiguro, Doris Lessing, Toni Morrison, as well as writers honoured with other prizes such as: <strong>The Man Booker<\/strong>, inter alia Thomas Keneally, Yann Martel, Ian McEwan; <strong>The Pulitzer<\/strong>, inter alia Margaret Mitchell, Jhumpa Lahiri, Colson Whitehead; and <strong>The National Book Award<\/strong>, inter alia Jerzy Kosi\u0144ski, Thomas Pynchon, Daphne du Maurier.<\/p>\n<p>Most of our crime-and-action novels become European or American bestsellers. We are proud to publish works by Stephen King, John Grisham, Harlan Coben, Tess Gerritsen, Lee Child, Ken Follett and Robert Harris.<\/p>\n<p>We do not avoid controversial books, but we steer clear of mediocre ones.<\/p>\n<p>[\/et_pb_text][\/et_pb_column][\/et_pb_row][\/et_pb_section][et_pb_section fb_built=&#8221;1&#8243; _builder_version=&#8221;3.18.2&#8243;][et_pb_row _builder_version=&#8221;3.18.2&#8243;][et_pb_column type=&#8221;4_4&#8243; _builder_version=&#8221;3.18.2&#8243; parallax=&#8221;off&#8221; parallax_method=&#8221;on&#8221;][\/et_pb_column][\/et_pb_row][\/et_pb_section]<\/p>\n","protected":false},"excerpt":{"rendered":"<p>ABOUT USAlbatros Publishing House was established in November 1994 by Andrzej Kury\u0142owicz \u2013 a passionate book\u2013enthusiast.\u00a0 At the end of 2010 Albatros was one of the first publishing houses in Poland to enter into e-book market.\u00a0 Albatros publishes contemporary fiction and non-fiction, with the prevalence of literature translated from English, French and Spanish. Albatros\u2019 portfolio [&hellip;]<\/p>\n","protected":false},"author":3,"featured_media":0,"parent":0,"menu_order":0,"comment_status":"closed","ping_status":"closed","template":"","meta":{"_acf_changed":false,"_et_pb_use_builder":"on","_et_pb_old_content":"<p>\u00a0<\/p>\r\n<!-- wp:divi\/placeholder \/-->","_et_gb_content_width":"","inline_featured_image":false,"footnotes":""},"class_list":["post-7571","page","type-page","status-publish","hentry"],"acf":[],"yoast_head":"<!-- This site is optimized with the Yoast SEO plugin v27.3 - https:\/\/yoast.com\/product\/yoast-seo-wordpress\/ -->\n<title>About us - Wydawnictwo Albatros<\/title>\n<meta name=\"robots\" content=\"index, follow, max-snippet:-1, max-image-preview:large, max-video-preview:-1\" \/>\n<link rel=\"canonical\" href=\"https:\/\/www.wydawnictwoalbatros.com\/en\/about-us\/\" \/>\n<meta property=\"og:locale\" content=\"en_US\" \/>\n<meta property=\"og:type\" content=\"article\" \/>\n<meta property=\"og:title\" content=\"About us - Wydawnictwo Albatros\" \/>\n<meta property=\"og:description\" content=\"ABOUT USAlbatros Publishing House was established in November 1994 by Andrzej Kury\u0142owicz \u2013 a passionate book\u2013enthusiast.\u00a0 At the end of 2010 Albatros was one of the first publishing houses in Poland to enter into e-book market.\u00a0 Albatros publishes contemporary fiction and non-fiction, with the prevalence of literature translated from English, French and Spanish. Albatros\u2019 portfolio [&hellip;]\" \/>\n<meta property=\"og:url\" content=\"https:\/\/www.wydawnictwoalbatros.com\/en\/about-us\/\" \/>\n<meta property=\"og:site_name\" content=\"Wydawnictwo Albatros\" \/>\n<meta property=\"article:modified_time\" content=\"2019-03-10T18:43:09+00:00\" \/>\n<meta name=\"twitter:card\" content=\"summary_large_image\" \/>\n<meta name=\"twitter:label1\" content=\"Est. reading time\" \/>\n\t<meta name=\"twitter:data1\" content=\"2 minutes\" \/>\n<script type=\"application\/ld+json\" class=\"yoast-schema-graph\">{\"@context\":\"https:\\\/\\\/schema.org\",\"@graph\":[{\"@type\":\"WebPage\",\"@id\":\"https:\\\/\\\/www.wydawnictwoalbatros.com\\\/en\\\/about-us\\\/\",\"url\":\"https:\\\/\\\/www.wydawnictwoalbatros.com\\\/en\\\/about-us\\\/\",\"name\":\"About us - Wydawnictwo Albatros\",\"isPartOf\":{\"@id\":\"https:\\\/\\\/www.wydawnictwoalbatros.com\\\/en\\\/#website\"},\"datePublished\":\"2019-03-10T17:25:14+00:00\",\"dateModified\":\"2019-03-10T18:43:09+00:00\",\"breadcrumb\":{\"@id\":\"https:\\\/\\\/www.wydawnictwoalbatros.com\\\/en\\\/about-us\\\/#breadcrumb\"},\"inLanguage\":\"en-US\",\"potentialAction\":[{\"@type\":\"ReadAction\",\"target\":[\"https:\\\/\\\/www.wydawnictwoalbatros.com\\\/en\\\/about-us\\\/\"]}]},{\"@type\":\"BreadcrumbList\",\"@id\":\"https:\\\/\\\/www.wydawnictwoalbatros.com\\\/en\\\/about-us\\\/#breadcrumb\",\"itemListElement\":[{\"@type\":\"ListItem\",\"position\":1,\"name\":\"Home\",\"item\":\"https:\\\/\\\/www.wydawnictwoalbatros.com\\\/en\\\/\"},{\"@type\":\"ListItem\",\"position\":2,\"name\":\"About us\"}]},{\"@type\":\"WebSite\",\"@id\":\"https:\\\/\\\/www.wydawnictwoalbatros.com\\\/en\\\/#website\",\"url\":\"https:\\\/\\\/www.wydawnictwoalbatros.com\\\/en\\\/\",\"name\":\"Wydawnictwo Albatros\",\"description\":\"mi\u0142o\u015bnicy ksi\u0105\u017cek pe\u0142ni pasji\",\"potentialAction\":[{\"@type\":\"SearchAction\",\"target\":{\"@type\":\"EntryPoint\",\"urlTemplate\":\"https:\\\/\\\/www.wydawnictwoalbatros.com\\\/en\\\/?s={search_term_string}\"},\"query-input\":{\"@type\":\"PropertyValueSpecification\",\"valueRequired\":true,\"valueName\":\"search_term_string\"}}],\"inLanguage\":\"en-US\"}]}<\/script>\n<!-- \/ Yoast SEO plugin. -->","yoast_head_json":{"title":"About us - Wydawnictwo Albatros","robots":{"index":"index","follow":"follow","max-snippet":"max-snippet:-1","max-image-preview":"max-image-preview:large","max-video-preview":"max-video-preview:-1"},"canonical":"https:\/\/www.wydawnictwoalbatros.com\/en\/about-us\/","og_locale":"en_US","og_type":"article","og_title":"About us - Wydawnictwo Albatros","og_description":"ABOUT USAlbatros Publishing House was established in November 1994 by Andrzej Kury\u0142owicz \u2013 a passionate book\u2013enthusiast.\u00a0 At the end of 2010 Albatros was one of the first publishing houses in Poland to enter into e-book market.\u00a0 Albatros publishes contemporary fiction and non-fiction, with the prevalence of literature translated from English, French and Spanish. Albatros\u2019 portfolio [&hellip;]","og_url":"https:\/\/www.wydawnictwoalbatros.com\/en\/about-us\/","og_site_name":"Wydawnictwo Albatros","article_modified_time":"2019-03-10T18:43:09+00:00","twitter_card":"summary_large_image","twitter_misc":{"Est. reading time":"2 minutes"},"schema":{"@context":"https:\/\/schema.org","@graph":[{"@type":"WebPage","@id":"https:\/\/www.wydawnictwoalbatros.com\/en\/about-us\/","url":"https:\/\/www.wydawnictwoalbatros.com\/en\/about-us\/","name":"About us - Wydawnictwo Albatros","isPartOf":{"@id":"https:\/\/www.wydawnictwoalbatros.com\/en\/#website"},"datePublished":"2019-03-10T17:25:14+00:00","dateModified":"2019-03-10T18:43:09+00:00","breadcrumb":{"@id":"https:\/\/www.wydawnictwoalbatros.com\/en\/about-us\/#breadcrumb"},"inLanguage":"en-US","potentialAction":[{"@type":"ReadAction","target":["https:\/\/www.wydawnictwoalbatros.com\/en\/about-us\/"]}]},{"@type":"BreadcrumbList","@id":"https:\/\/www.wydawnictwoalbatros.com\/en\/about-us\/#breadcrumb","itemListElement":[{"@type":"ListItem","position":1,"name":"Home","item":"https:\/\/www.wydawnictwoalbatros.com\/en\/"},{"@type":"ListItem","position":2,"name":"About us"}]},{"@type":"WebSite","@id":"https:\/\/www.wydawnictwoalbatros.com\/en\/#website","url":"https:\/\/www.wydawnictwoalbatros.com\/en\/","name":"Wydawnictwo Albatros","description":"mi\u0142o\u015bnicy ksi\u0105\u017cek pe\u0142ni pasji","potentialAction":[{"@type":"SearchAction","target":{"@type":"EntryPoint","urlTemplate":"https:\/\/www.wydawnictwoalbatros.com\/en\/?s={search_term_string}"},"query-input":{"@type":"PropertyValueSpecification","valueRequired":true,"valueName":"search_term_string"}}],"inLanguage":"en-US"}]}},"_links":{"self":[{"href":"https:\/\/www.wydawnictwoalbatros.com\/en\/wp-json\/wp\/v2\/pages\/7571","targetHints":{"allow":["GET"]}}],"collection":[{"href":"https:\/\/www.wydawnictwoalbatros.com\/en\/wp-json\/wp\/v2\/pages"}],"about":[{"href":"https:\/\/www.wydawnictwoalbatros.com\/en\/wp-json\/wp\/v2\/types\/page"}],"author":[{"embeddable":true,"href":"https:\/\/www.wydawnictwoalbatros.com\/en\/wp-json\/wp\/v2\/users\/3"}],"replies":[{"embeddable":true,"href":"https:\/\/www.wydawnictwoalbatros.com\/en\/wp-json\/wp\/v2\/comments?post=7571"}],"version-history":[{"count":0,"href":"https:\/\/www.wydawnictwoalbatros.com\/en\/wp-json\/wp\/v2\/pages\/7571\/revisions"}],"wp:attachment":[{"href":"https:\/\/www.wydawnictwoalbatros.com\/en\/wp-json\/wp\/v2\/media?parent=7571"}],"curies":[{"name":"wp","href":"https:\/\/api.w.org\/{rel}","templated":true}]}}