{"id":7578,"date":"2019-03-10T18:59:25","date_gmt":"2019-03-10T17:59:25","guid":{"rendered":"https:\/\/www.wydawnictwoalbatros.com\/jerzy-and-hanna-kurylowicz-award\/"},"modified":"2019-03-11T12:09:53","modified_gmt":"2019-03-11T11:09:53","slug":"jerzy-and-hanna-kurylowicz-award","status":"publish","type":"page","link":"https:\/\/www.wydawnictwoalbatros.com\/en\/jerzy-and-hanna-kurylowicz-award\/","title":{"rendered":"JERZY AND HANNA KURY\u0141OWICZ AWARD"},"content":{"rendered":"<p>[et_pb_section fb_built=&#8221;1&#8243; module_class=&#8221;bezowa topowa&#8221; _builder_version=&#8221;3.18.2&#8243; background_color=&#8221;#F6F3ED&#8221; locked=&#8221;off&#8221; collapsed=&#8221;off&#8221;][et_pb_row module_class=&#8221;na-bez krotkie-bez&#8221; _builder_version=&#8221;3.18.2&#8243; collapsed=&#8221;off&#8221;][et_pb_column type=&#8221;4_4&#8243; _builder_version=&#8221;3.18.2&#8243; parallax=&#8221;off&#8221; parallax_method=&#8221;on&#8221;][et_pb_text admin_label=&#8221;Naglow&#8221; module_class=&#8221;naglow&#8221; _builder_version=&#8221;3.18.2&#8243; custom_margin=&#8221;||10px&#8221; custom_css_main_element=&#8221;margin-bottom: 10px;&#8221;]<\/p>\n<h2 class=\"section-title section-title-big\">Jerzy and Hanna Kury\u0142owicz<\/h2>\n<p>[\/et_pb_text][et_pb_text _builder_version=&#8221;3.18.2&#8243;]<\/p>\n<h3 class=\"big-przes no-marg-top\">Award<\/h3>\n<p>The Award was funded by Andrzej Kury\u0142owicz to honour his parents &#8211; Jerzy Kury\u0142owicz, an acknowledged translator of technical and science books, and Hanna Kury\u0142owicz, who supported her husband in translations as well as her son in the publishing activity.<\/p>\n<p>The Award aims to acknowledge the best translation of a book <strong>in field of natural sciences, mathematics or technology<\/strong>, published <strong>in period from the 1<sup>st<\/sup> of April to March the following year<\/strong>.<\/p>\n<p>The annual Award Ceremony is held in May at Warsaw Book Fair.<\/p>\n<p>&nbsp;<\/p>\n<p>&nbsp;<\/p>\n<p>[\/et_pb_text][\/et_pb_column][\/et_pb_row][\/et_pb_section][et_pb_section fb_built=&#8221;1&#8243; module_class=&#8221;patroni&#8221; _builder_version=&#8221;3.18.2&#8243; custom_padding=&#8221;0px||&#8221; locked=&#8221;off&#8221;][et_pb_row custom_padding=&#8221;0px||&#8221; padding_top_1=&#8221;0px&#8221; _builder_version=&#8221;3.18.2&#8243; locked=&#8221;off&#8221;][et_pb_column type=&#8221;4_4&#8243; _builder_version=&#8221;3.18.2&#8243; padding_top=&#8221;0px&#8221; parallax=&#8221;off&#8221; parallax_method=&#8221;on&#8221;][et_pb_text admin_label=&#8221;Naglow&#8221; module_class=&#8221;naglow&#8221; _builder_version=&#8221;3.18.2&#8243;]<\/p>\n<h2>Patrons<\/h2>\n<p>[\/et_pb_text][\/et_pb_column][\/et_pb_row][et_pb_row _builder_version=&#8221;3.18.2&#8243;][et_pb_column type=&#8221;1_4&#8243; _builder_version=&#8221;3.18.2&#8243; parallax=&#8221;off&#8221; parallax_method=&#8221;on&#8221;][et_pb_image src=&#8221;https:\/\/www.wydawnictwoalbatros.com\/wp-content\/uploads\/2019\/01\/Jerzy-Kury\u0142owicz-www.jpg&#8221; _builder_version=&#8221;3.18.2&#8243;][\/et_pb_image][\/et_pb_column][et_pb_column type=&#8221;3_4&#8243; _builder_version=&#8221;3.18.2&#8243; parallax=&#8221;off&#8221; parallax_method=&#8221;on&#8221;][et_pb_text _builder_version=&#8221;3.18.2&#8243;]<\/p>\n<h3>Jerzy Kury\u0142owicz (1925\u20132002)<\/h3>\n<p>He graduated from the Faculty of Chemistry at Silesian University of Technology in Gliwice.<\/p>\n<p>For several years he worked as a scientist at Warsaw University of Technology, where he earned his doctorate. As an editor and translator, he worked for the biggest publishing houses in field of education and science in Poland such as WNT, PWN, Wiedza Powszechna, WSiP, Pr\u00f3szy\u0144ski i sp\u00f3\u0142ka and lastly with MAC Edukacja. He translated over 60 books from the English, German, Russian, French and Chech languages.<\/p>\n<p>&nbsp;<\/p>\n<p>[\/et_pb_text][\/et_pb_column][\/et_pb_row][et_pb_row _builder_version=&#8221;3.18.2&#8243;][et_pb_column type=&#8221;3_4&#8243; _builder_version=&#8221;3.18.2&#8243; parallax=&#8221;off&#8221; parallax_method=&#8221;on&#8221;][et_pb_text admin_label=&#8221;Hanna Kury\u0142owicz&#8221; _builder_version=&#8221;3.18.2&#8243;]<\/p>\n<h3>Hanna Kury\u0142owicz (1926\u20132010)<\/h3>\n<p>A chemical engineer by profession. Until she retired in 1985, she had worked at the Central Chemical Laboratory of the Geological Enterprise (Centralne Laboratorium Chemiczne Przedsi\u0119biorstwa Geologicznego) in Warsaw, as a vice-president for most of her career.<\/p>\n<p>She supported her husband, Jerzy, in his translator\u2019s work. She was involved in Albatros Publishing House from the very beginning of its existence. She died on 11<sup>th<\/sup> October 2010 of an incurable lung decease.<\/p>\n<p>&nbsp;<\/p>\n<p>[\/et_pb_text][\/et_pb_column][et_pb_column type=&#8221;1_4&#8243; _builder_version=&#8221;3.18.2&#8243; parallax=&#8221;off&#8221; parallax_method=&#8221;on&#8221;][et_pb_image src=&#8221;https:\/\/www.wydawnictwoalbatros.com\/wp-content\/uploads\/2019\/01\/Hanna-Kury\u0142owicz-www.jpg&#8221; admin_label=&#8221;Obraz&#8221; _builder_version=&#8221;3.18.2&#8243;][\/et_pb_image][\/et_pb_column][\/et_pb_row][\/et_pb_section]<\/p>\n","protected":false},"excerpt":{"rendered":"<p>Jerzy and Hanna Kury\u0142owiczAward The Award was funded by Andrzej Kury\u0142owicz to honour his parents &#8211; Jerzy Kury\u0142owicz, an acknowledged translator of technical and science books, and Hanna Kury\u0142owicz, who supported her husband in translations as well as her son in the publishing activity. The Award aims to acknowledge the best translation of a book [&hellip;]<\/p>\n","protected":false},"author":7,"featured_media":0,"parent":0,"menu_order":0,"comment_status":"closed","ping_status":"closed","template":"","meta":{"_acf_changed":false,"_et_pb_use_builder":"on","_et_pb_old_content":"","_et_gb_content_width":"","inline_featured_image":false,"footnotes":""},"class_list":["post-7578","page","type-page","status-publish","hentry"],"acf":[],"yoast_head":"<!-- This site is optimized with the Yoast SEO plugin v27.3 - https:\/\/yoast.com\/product\/yoast-seo-wordpress\/ -->\n<title>JERZY AND HANNA KURY\u0141OWICZ AWARD - Wydawnictwo Albatros<\/title>\n<meta name=\"robots\" content=\"index, follow, max-snippet:-1, max-image-preview:large, max-video-preview:-1\" \/>\n<link rel=\"canonical\" href=\"https:\/\/www.wydawnictwoalbatros.com\/en\/jerzy-and-hanna-kurylowicz-award\/\" \/>\n<meta property=\"og:locale\" content=\"en_US\" \/>\n<meta property=\"og:type\" content=\"article\" \/>\n<meta property=\"og:title\" content=\"JERZY AND HANNA KURY\u0141OWICZ AWARD - Wydawnictwo Albatros\" \/>\n<meta property=\"og:description\" content=\"Jerzy and Hanna Kury\u0142owiczAward The Award was funded by Andrzej Kury\u0142owicz to honour his parents - Jerzy Kury\u0142owicz, an acknowledged translator of technical and science books, and Hanna Kury\u0142owicz, who supported her husband in translations as well as her son in the publishing activity. The Award aims to acknowledge the best translation of a book [&hellip;]\" \/>\n<meta property=\"og:url\" content=\"https:\/\/www.wydawnictwoalbatros.com\/en\/jerzy-and-hanna-kurylowicz-award\/\" \/>\n<meta property=\"og:site_name\" content=\"Wydawnictwo Albatros\" \/>\n<meta property=\"article:modified_time\" content=\"2019-03-11T11:09:53+00:00\" \/>\n<meta name=\"twitter:card\" content=\"summary_large_image\" \/>\n<meta name=\"twitter:label1\" content=\"Est. reading time\" \/>\n\t<meta name=\"twitter:data1\" content=\"3 minutes\" \/>\n<script type=\"application\/ld+json\" class=\"yoast-schema-graph\">{\"@context\":\"https:\\\/\\\/schema.org\",\"@graph\":[{\"@type\":\"WebPage\",\"@id\":\"https:\\\/\\\/www.wydawnictwoalbatros.com\\\/en\\\/jerzy-and-hanna-kurylowicz-award\\\/\",\"url\":\"https:\\\/\\\/www.wydawnictwoalbatros.com\\\/en\\\/jerzy-and-hanna-kurylowicz-award\\\/\",\"name\":\"JERZY AND HANNA KURY\u0141OWICZ AWARD - Wydawnictwo Albatros\",\"isPartOf\":{\"@id\":\"https:\\\/\\\/www.wydawnictwoalbatros.com\\\/en\\\/#website\"},\"datePublished\":\"2019-03-10T17:59:25+00:00\",\"dateModified\":\"2019-03-11T11:09:53+00:00\",\"breadcrumb\":{\"@id\":\"https:\\\/\\\/www.wydawnictwoalbatros.com\\\/en\\\/jerzy-and-hanna-kurylowicz-award\\\/#breadcrumb\"},\"inLanguage\":\"en-US\",\"potentialAction\":[{\"@type\":\"ReadAction\",\"target\":[\"https:\\\/\\\/www.wydawnictwoalbatros.com\\\/en\\\/jerzy-and-hanna-kurylowicz-award\\\/\"]}]},{\"@type\":\"BreadcrumbList\",\"@id\":\"https:\\\/\\\/www.wydawnictwoalbatros.com\\\/en\\\/jerzy-and-hanna-kurylowicz-award\\\/#breadcrumb\",\"itemListElement\":[{\"@type\":\"ListItem\",\"position\":1,\"name\":\"Home\",\"item\":\"https:\\\/\\\/www.wydawnictwoalbatros.com\\\/en\\\/\"},{\"@type\":\"ListItem\",\"position\":2,\"name\":\"JERZY AND HANNA KURY\u0141OWICZ AWARD\"}]},{\"@type\":\"WebSite\",\"@id\":\"https:\\\/\\\/www.wydawnictwoalbatros.com\\\/en\\\/#website\",\"url\":\"https:\\\/\\\/www.wydawnictwoalbatros.com\\\/en\\\/\",\"name\":\"Wydawnictwo Albatros\",\"description\":\"mi\u0142o\u015bnicy ksi\u0105\u017cek pe\u0142ni pasji\",\"potentialAction\":[{\"@type\":\"SearchAction\",\"target\":{\"@type\":\"EntryPoint\",\"urlTemplate\":\"https:\\\/\\\/www.wydawnictwoalbatros.com\\\/en\\\/?s={search_term_string}\"},\"query-input\":{\"@type\":\"PropertyValueSpecification\",\"valueRequired\":true,\"valueName\":\"search_term_string\"}}],\"inLanguage\":\"en-US\"}]}<\/script>\n<!-- \/ Yoast SEO plugin. -->","yoast_head_json":{"title":"JERZY AND HANNA KURY\u0141OWICZ AWARD - Wydawnictwo Albatros","robots":{"index":"index","follow":"follow","max-snippet":"max-snippet:-1","max-image-preview":"max-image-preview:large","max-video-preview":"max-video-preview:-1"},"canonical":"https:\/\/www.wydawnictwoalbatros.com\/en\/jerzy-and-hanna-kurylowicz-award\/","og_locale":"en_US","og_type":"article","og_title":"JERZY AND HANNA KURY\u0141OWICZ AWARD - Wydawnictwo Albatros","og_description":"Jerzy and Hanna Kury\u0142owiczAward The Award was funded by Andrzej Kury\u0142owicz to honour his parents - Jerzy Kury\u0142owicz, an acknowledged translator of technical and science books, and Hanna Kury\u0142owicz, who supported her husband in translations as well as her son in the publishing activity. The Award aims to acknowledge the best translation of a book [&hellip;]","og_url":"https:\/\/www.wydawnictwoalbatros.com\/en\/jerzy-and-hanna-kurylowicz-award\/","og_site_name":"Wydawnictwo Albatros","article_modified_time":"2019-03-11T11:09:53+00:00","twitter_card":"summary_large_image","twitter_misc":{"Est. reading time":"3 minutes"},"schema":{"@context":"https:\/\/schema.org","@graph":[{"@type":"WebPage","@id":"https:\/\/www.wydawnictwoalbatros.com\/en\/jerzy-and-hanna-kurylowicz-award\/","url":"https:\/\/www.wydawnictwoalbatros.com\/en\/jerzy-and-hanna-kurylowicz-award\/","name":"JERZY AND HANNA KURY\u0141OWICZ AWARD - Wydawnictwo Albatros","isPartOf":{"@id":"https:\/\/www.wydawnictwoalbatros.com\/en\/#website"},"datePublished":"2019-03-10T17:59:25+00:00","dateModified":"2019-03-11T11:09:53+00:00","breadcrumb":{"@id":"https:\/\/www.wydawnictwoalbatros.com\/en\/jerzy-and-hanna-kurylowicz-award\/#breadcrumb"},"inLanguage":"en-US","potentialAction":[{"@type":"ReadAction","target":["https:\/\/www.wydawnictwoalbatros.com\/en\/jerzy-and-hanna-kurylowicz-award\/"]}]},{"@type":"BreadcrumbList","@id":"https:\/\/www.wydawnictwoalbatros.com\/en\/jerzy-and-hanna-kurylowicz-award\/#breadcrumb","itemListElement":[{"@type":"ListItem","position":1,"name":"Home","item":"https:\/\/www.wydawnictwoalbatros.com\/en\/"},{"@type":"ListItem","position":2,"name":"JERZY AND HANNA KURY\u0141OWICZ AWARD"}]},{"@type":"WebSite","@id":"https:\/\/www.wydawnictwoalbatros.com\/en\/#website","url":"https:\/\/www.wydawnictwoalbatros.com\/en\/","name":"Wydawnictwo Albatros","description":"mi\u0142o\u015bnicy ksi\u0105\u017cek pe\u0142ni pasji","potentialAction":[{"@type":"SearchAction","target":{"@type":"EntryPoint","urlTemplate":"https:\/\/www.wydawnictwoalbatros.com\/en\/?s={search_term_string}"},"query-input":{"@type":"PropertyValueSpecification","valueRequired":true,"valueName":"search_term_string"}}],"inLanguage":"en-US"}]}},"_links":{"self":[{"href":"https:\/\/www.wydawnictwoalbatros.com\/en\/wp-json\/wp\/v2\/pages\/7578","targetHints":{"allow":["GET"]}}],"collection":[{"href":"https:\/\/www.wydawnictwoalbatros.com\/en\/wp-json\/wp\/v2\/pages"}],"about":[{"href":"https:\/\/www.wydawnictwoalbatros.com\/en\/wp-json\/wp\/v2\/types\/page"}],"author":[{"embeddable":true,"href":"https:\/\/www.wydawnictwoalbatros.com\/en\/wp-json\/wp\/v2\/users\/7"}],"replies":[{"embeddable":true,"href":"https:\/\/www.wydawnictwoalbatros.com\/en\/wp-json\/wp\/v2\/comments?post=7578"}],"version-history":[{"count":0,"href":"https:\/\/www.wydawnictwoalbatros.com\/en\/wp-json\/wp\/v2\/pages\/7578\/revisions"}],"wp:attachment":[{"href":"https:\/\/www.wydawnictwoalbatros.com\/en\/wp-json\/wp\/v2\/media?parent=7578"}],"curies":[{"name":"wp","href":"https:\/\/api.w.org\/{rel}","templated":true}]}}