{"id":7660,"date":"2019-03-10T20:43:58","date_gmt":"2019-03-10T19:43:58","guid":{"rendered":"https:\/\/www.wydawnictwoalbatros.com\/zespol-wydawniczy\/"},"modified":"2023-07-05T14:15:53","modified_gmt":"2023-07-05T12:15:53","slug":"our-team","status":"publish","type":"page","link":"https:\/\/www.wydawnictwoalbatros.com\/en\/our-team\/","title":{"rendered":"OUR TEAM"},"content":{"rendered":"<p>[et_pb_section fb_built=&#8221;1&#8243; module_class=&#8221;topowa&#8221; _builder_version=&#8221;4.16&#8243; locked=&#8221;off&#8221; global_colors_info=&#8221;{}&#8221;][et_pb_row _builder_version=&#8221;4.16&#8243; global_colors_info=&#8221;{}&#8221;][et_pb_column type=&#8221;4_4&#8243; _builder_version=&#8221;4.16&#8243; custom_padding=&#8221;|||&#8221; global_colors_info=&#8221;{}&#8221; custom_padding__hover=&#8221;|||&#8221;][et_pb_text admin_label=&#8221;Naglow&#8221; module_class=&#8221;naglow&#8221; _builder_version=&#8221;4.16&#8243; global_colors_info=&#8221;{}&#8221;]<\/p>\n<h2 class=\"section-title section-title-big\">Our team<\/h2>\n<p>[\/et_pb_text][\/et_pb_column][\/et_pb_row][\/et_pb_section][et_pb_section fb_built=&#8221;1&#8243; module_class=&#8221;bezowa&#8221; _builder_version=&#8221;4.16&#8243; background_color=&#8221;#F3F3F3&#8243; custom_css_main_element=&#8221;margin-top:0px !important;&#8221; locked=&#8221;off&#8221; global_colors_info=&#8221;{}&#8221;][et_pb_row column_structure=&#8221;3_5,2_5&#8243; module_class=&#8221;na-bez&#8221; _builder_version=&#8221;4.16&#8243; locked=&#8221;off&#8221; collapsed=&#8221;off&#8221; global_colors_info=&#8221;{}&#8221;][et_pb_column type=&#8221;3_5&#8243; _builder_version=&#8221;4.16&#8243; custom_padding=&#8221;|||&#8221; global_colors_info=&#8221;{}&#8221; custom_padding__hover=&#8221;|||&#8221;][et_pb_text module_class=&#8221;opis-persony&#8221; _builder_version=&#8221;4.16&#8243; global_colors_info=&#8221;{}&#8221;]<\/p>\n<h3 class=\"big-przes\">Aleksandra Sa\u0142uga<\/h3>\n<h4>Publisher and President \/ Foreign Rights Director <\/h4>\n<p>Aleksandra Sa\u0142uga graduated from the Faculty of Management as well as from the Centre for Latin American Studies, both at the University of Warsaw. She gained her professional experience conducting development aid projects in Kenya, working for Poland-East Africa Economic Foundation, an NGO co-financed by Polish Ministry of Foreign Affairs. She has been involved in Albatros Publishing House since childhood and was the youngest participant of international book fairs, where she accompanied her father, Andrzej Kury\u0142owicz in search of new publications. Since 2014 she has been the head of Albatros where she is in charge of new releases plan, acquisitions as well as overseeing company\u2019s strategy. She believes that the strength of the company lies in a team of people.  A keen-traveller, book-lover and a mother passionate about her two daughters. She wishes a day was 24 hours longer. [\/et_pb_text][\/et_pb_column][et_pb_column type=&#8221;2_5&#8243; _builder_version=&#8221;4.16&#8243; custom_padding=&#8221;|||&#8221; global_colors_info=&#8221;{}&#8221; custom_padding__hover=&#8221;|||&#8221;][et_pb_image src=&#8221;https:\/\/www.wydawnictwoalbatros.com\/wp-content\/uploads\/2019\/03\/olanew-1.jpg&#8221; align_tablet=&#8221;center&#8221; align_phone=&#8221;&#8221; align_last_edited=&#8221;on|desktop&#8221; _builder_version=&#8221;4.16&#8243; global_colors_info=&#8221;{}&#8221;][\/et_pb_image][\/et_pb_column][\/et_pb_row][\/et_pb_section][et_pb_section fb_built=&#8221;1&#8243; _builder_version=&#8221;4.16&#8243; global_colors_info=&#8221;{}&#8221;][et_pb_row column_structure=&#8221;1_4,1_4,1_4,1_4&#8243; use_custom_gutter=&#8221;on&#8221; gutter_width=&#8221;2&#8243; _builder_version=&#8221;4.16&#8243; global_colors_info=&#8221;{}&#8221;][et_pb_column type=&#8221;1_4&#8243; _builder_version=&#8221;4.16&#8243; custom_padding=&#8221;|||&#8221; global_colors_info=&#8221;{}&#8221; custom_padding__hover=&#8221;|||&#8221;][et_pb_team_member name=&#8221;Ewa Krzysztoszek&#8221; position=&#8221;Secretary of the Publishing House \/ Foreign Rights Manager&#8221; image_url=&#8221;https:\/\/www.wydawnictwoalbatros.com\/wp-content\/uploads\/2019\/01\/Ewa-Krzysztoszek.jpg&#8221; admin_label=&#8221;Ewa Krzysztoszek&#8221; _builder_version=&#8221;4.16&#8243; global_colors_info=&#8221;{}&#8221;][\/et_pb_team_member][\/et_pb_column][et_pb_column type=&#8221;1_4&#8243; _builder_version=&#8221;4.16&#8243; custom_padding=&#8221;|||&#8221; global_colors_info=&#8221;{}&#8221; custom_padding__hover=&#8221;|||&#8221;][et_pb_team_member name=&#8221;Marzena Wasilewska-Ginalska&#8221; position=&#8221;Executive Editor&#8221; image_url=&#8221;https:\/\/www.wydawnictwoalbatros.com\/wp-content\/uploads\/2019\/01\/marzena-kwadrat.jpg&#8221; admin_label=&#8221;Marzena Wasilewska-Ginalska&#8221; _builder_version=&#8221;4.16&#8243; global_colors_info=&#8221;{}&#8221;][\/et_pb_team_member][\/et_pb_column][et_pb_column type=&#8221;1_4&#8243; _builder_version=&#8221;4.16&#8243; custom_padding=&#8221;|||&#8221; global_colors_info=&#8221;{}&#8221; custom_padding__hover=&#8221;|||&#8221;][et_pb_team_member name=&#8221;Piotr Kr\u00f3lak&#8221; position=&#8221;Editor&#8221; image_url=&#8221;https:\/\/www.wydawnictwoalbatros.com\/wp-content\/uploads\/2021\/11\/piotrek-2.jpg&#8221; admin_label=&#8221;Piotr Kr\u00f3lak&#8221; _builder_version=&#8221;4.16&#8243; global_colors_info=&#8221;{}&#8221;][\/et_pb_team_member][\/et_pb_column][et_pb_column type=&#8221;1_4&#8243; _builder_version=&#8221;4.16&#8243; custom_padding=&#8221;|||&#8221; global_colors_info=&#8221;{}&#8221; custom_padding__hover=&#8221;|||&#8221;][et_pb_team_member name=&#8221;Aldona Krupa&#8221; position=&#8221;Production Manager&#8221; image_url=&#8221;https:\/\/www.wydawnictwoalbatros.com\/wp-content\/uploads\/2019\/01\/Aldona-Krupa.jpg&#8221; admin_label=&#8221;Aldona Krupa&#8221; _builder_version=&#8221;4.16&#8243; global_colors_info=&#8221;{}&#8221;][\/et_pb_team_member][\/et_pb_column][\/et_pb_row][et_pb_row column_structure=&#8221;1_4,1_4,1_4,1_4&#8243; use_custom_gutter=&#8221;on&#8221; gutter_width=&#8221;2&#8243; admin_label=&#8221;Row&#8221; _builder_version=&#8221;4.21.0&#8243; hover_enabled=&#8221;0&#8243; global_colors_info=&#8221;{}&#8221; sticky_enabled=&#8221;0&#8243;][et_pb_column type=&#8221;1_4&#8243; _builder_version=&#8221;4.16&#8243; _module_preset=&#8221;default&#8221; global_colors_info=&#8221;{}&#8221;][et_pb_team_member name=&#8221;Agnieszka Ilczuk&#8221; position=&#8221;Electronic contents and Sales Manager&#8221; image_url=&#8221;https:\/\/www.wydawnictwoalbatros.com\/wp-content\/uploads\/2019\/01\/Agnieszka-Ilczuk.jpg&#8221; admin_label=&#8221;Agnieszka Ilczuk&#8221; _builder_version=&#8221;4.16&#8243; global_colors_info=&#8221;{}&#8221;][\/et_pb_team_member][\/et_pb_column][et_pb_column type=&#8221;1_4&#8243; _builder_version=&#8221;4.16&#8243; custom_padding=&#8221;|||&#8221; global_colors_info=&#8221;{}&#8221; custom_padding__hover=&#8221;|||&#8221;][et_pb_team_member name=&#8221;Kasia Meszka&#8221; position=&#8221;Art. director&#8221; image_url=&#8221;https:\/\/www.wydawnictwoalbatros.com\/wp-content\/uploads\/2019\/01\/Kasia-Meszka-www.jpg&#8221; admin_label=&#8221;Katarzyna Meszka&#8221; _builder_version=&#8221;4.16&#8243; global_colors_info=&#8221;{}&#8221;][\/et_pb_team_member][\/et_pb_column][et_pb_column type=&#8221;1_4&#8243; _builder_version=&#8221;4.16&#8243; custom_padding=&#8221;|||&#8221; global_colors_info=&#8221;{}&#8221; custom_padding__hover=&#8221;|||&#8221;][et_pb_team_member name=&#8221;Agnieszka Drabek&#8221; position=&#8221;Graphic Designer&#8221; image_url=&#8221;https:\/\/www.wydawnictwoalbatros.com\/wp-content\/uploads\/2022\/02\/drabek-strona.jpg&#8221; admin_label=&#8221;Agnieszka Drabek&#8221; _builder_version=&#8221;4.16&#8243; _module_preset=&#8221;default&#8221; global_colors_info=&#8221;{}&#8221;][\/et_pb_team_member][\/et_pb_column][et_pb_column _builder_version=&#8221;4.21.0&#8243; _module_preset=&#8221;default&#8221; type=&#8221;1_4&#8243;][et_pb_team_member name=&#8221;Agata Wi\u015bniewska&#8221; position=&#8221;Communications and Public Relations Manager &#8221; image_url=&#8221;https:\/\/www.wydawnictwoalbatros.com\/wp-content\/uploads\/2019\/01\/Agata-Wi\u015bniewska.jpg&#8221; admin_label=&#8221;Agata Wi\u015bniewska&#8221; _builder_version=&#8221;4.16&#8243; global_colors_info=&#8221;{}&#8221;][\/et_pb_team_member][\/et_pb_column][\/et_pb_row][et_pb_row column_structure=&#8221;1_3,1_3,1_3&#8243; use_custom_gutter=&#8221;on&#8221; gutter_width=&#8221;2&#8243; _builder_version=&#8221;4.21.0&#8243; hover_enabled=&#8221;0&#8243; global_colors_info=&#8221;{}&#8221; sticky_enabled=&#8221;0&#8243;][et_pb_column type=&#8221;1_3&#8243; _builder_version=&#8221;4.16&#8243; custom_padding=&#8221;|||&#8221; global_colors_info=&#8221;{}&#8221; custom_padding__hover=&#8221;|||&#8221;][et_pb_team_member name=&#8221;Maja Stalewicz&#8221; position=&#8221;Marketing Manager&#8221; image_url=&#8221;https:\/\/www.wydawnictwoalbatros.com\/wp-content\/uploads\/2019\/01\/Maja-Stalewicz.jpg&#8221; admin_label=&#8221;Maja Stalewicz&#8221; _builder_version=&#8221;4.16&#8243; global_colors_info=&#8221;{}&#8221;][\/et_pb_team_member][\/et_pb_column][et_pb_column type=&#8221;1_3&#8243; _builder_version=&#8221;4.16&#8243; custom_padding=&#8221;|||&#8221; global_colors_info=&#8221;{}&#8221; custom_padding__hover=&#8221;|||&#8221;][et_pb_team_member name=&#8221;Katarzyna Sieradzka&#8221; position=&#8221;Publicty Specjalist&#8221; image_url=&#8221;https:\/\/www.wydawnictwoalbatros.com\/wp-content\/uploads\/2019\/01\/Kasia-Filipczak-www.jpg&#8221; admin_label=&#8221;Katarzyna Filipczak&#8221; _builder_version=&#8221;4.16&#8243; global_colors_info=&#8221;{}&#8221;][\/et_pb_team_member][\/et_pb_column][et_pb_column type=&#8221;1_3&#8243; _builder_version=&#8221;4.16&#8243; custom_padding=&#8221;|||&#8221; global_colors_info=&#8221;{}&#8221; custom_padding__hover=&#8221;|||&#8221;][et_pb_team_member name=&#8221;Franciszek Jasi\u0144ski&#8221; position=&#8221;Office Assistant&#8221; image_url=&#8221;https:\/\/www.wydawnictwoalbatros.com\/wp-content\/uploads\/2021\/11\/franek.jpg&#8221; admin_label=&#8221;Franciszek Jasi\u0144ski&#8221; _builder_version=&#8221;4.16&#8243; _module_preset=&#8221;default&#8221; global_colors_info=&#8221;{}&#8221;][\/et_pb_team_member][\/et_pb_column][\/et_pb_row][et_pb_row _builder_version=&#8221;4.16&#8243; global_colors_info=&#8221;{}&#8221;][et_pb_column type=&#8221;4_4&#8243; _builder_version=&#8221;4.16&#8243; custom_padding=&#8221;|||&#8221; global_colors_info=&#8221;{}&#8221; custom_padding__hover=&#8221;|||&#8221;][et_pb_text admin_label=&#8221;Naglow&#8221; module_class=&#8221;naglow&#8221; _builder_version=&#8221;4.16&#8243; global_colors_info=&#8221;{}&#8221;]<\/p>\n<h2 class=\"section-title\">Accounting and Legal Department <\/h2>\n<p>[\/et_pb_text][\/et_pb_column][\/et_pb_row][et_pb_row column_structure=&#8221;1_4,1_4,1_4,1_4&#8243; use_custom_gutter=&#8221;on&#8221; gutter_width=&#8221;2&#8243; _builder_version=&#8221;4.16&#8243; global_colors_info=&#8221;{}&#8221;][et_pb_column type=&#8221;1_4&#8243; _builder_version=&#8221;4.16&#8243; custom_padding=&#8221;|||&#8221; global_colors_info=&#8221;{}&#8221; custom_padding__hover=&#8221;|||&#8221;][et_pb_team_member name=&#8221;Artur Majewski&#8221; position=&#8221;Chief Accountant&#8221; admin_label=&#8221;Artur Majewski&#8221; _builder_version=&#8221;4.16&#8243; global_colors_info=&#8221;{}&#8221;][\/et_pb_team_member][\/et_pb_column][et_pb_column type=&#8221;1_4&#8243; _builder_version=&#8221;4.16&#8243; custom_padding=&#8221;|||&#8221; global_colors_info=&#8221;{}&#8221; custom_padding__hover=&#8221;|||&#8221;][et_pb_team_member name=&#8221;Lidia Graczewska&#8221; position=&#8221;Accountant &#8221; admin_label=&#8221;Lidia Graczyk&#8221; _builder_version=&#8221;4.16&#8243; global_colors_info=&#8221;{}&#8221;][\/et_pb_team_member][\/et_pb_column][et_pb_column type=&#8221;1_4&#8243; _builder_version=&#8221;4.16&#8243; custom_padding=&#8221;|||&#8221; global_colors_info=&#8221;{}&#8221; custom_padding__hover=&#8221;|||&#8221;][et_pb_team_member name=&#8221;Katarzyna Markowicz&#8221; position=&#8221;Accountant &#8221; admin_label=&#8221;Katarzyna Markowicz&#8221; _builder_version=&#8221;4.16&#8243; _module_preset=&#8221;default&#8221; global_colors_info=&#8221;{}&#8221;][\/et_pb_team_member][\/et_pb_column][et_pb_column type=&#8221;1_4&#8243; _builder_version=&#8221;4.16&#8243; custom_padding=&#8221;|||&#8221; global_colors_info=&#8221;{}&#8221; custom_padding__hover=&#8221;|||&#8221;][et_pb_team_member name=&#8221;Adam Sa\u0142uga&#8221; position=&#8221;Data Protection Officer &#8221; admin_label=&#8221;Adam Sa\u0142uga&#8221; _builder_version=&#8221;4.16&#8243; global_colors_info=&#8221;{}&#8221;][\/et_pb_team_member][\/et_pb_column][\/et_pb_row][\/et_pb_section]<\/p>\n","protected":false},"excerpt":{"rendered":"<p>Our teamAleksandra Sa\u0142uga Publisher and President \/ Foreign Rights Director Aleksandra Sa\u0142uga graduated from the Faculty of Management as well as from the Centre for Latin American Studies, both at the University of Warsaw. She gained her professional experience conducting development aid projects in Kenya, working for Poland-East Africa Economic Foundation, an NGO co-financed by [&hellip;]<\/p>\n","protected":false},"author":7,"featured_media":0,"parent":0,"menu_order":0,"comment_status":"closed","ping_status":"closed","template":"","meta":{"_acf_changed":false,"_et_pb_use_builder":"on","_et_pb_old_content":"","_et_gb_content_width":"","inline_featured_image":false,"footnotes":""},"class_list":["post-7660","page","type-page","status-publish","hentry"],"acf":[],"yoast_head":"<!-- This site is optimized with the Yoast SEO plugin v27.3 - https:\/\/yoast.com\/product\/yoast-seo-wordpress\/ -->\n<title>OUR TEAM - Wydawnictwo Albatros<\/title>\n<meta name=\"robots\" content=\"index, follow, max-snippet:-1, max-image-preview:large, max-video-preview:-1\" \/>\n<link rel=\"canonical\" href=\"https:\/\/www.wydawnictwoalbatros.com\/en\/our-team\/\" \/>\n<meta property=\"og:locale\" content=\"en_US\" \/>\n<meta property=\"og:type\" content=\"article\" \/>\n<meta property=\"og:title\" content=\"OUR TEAM - Wydawnictwo Albatros\" \/>\n<meta property=\"og:description\" content=\"Our teamAleksandra Sa\u0142uga Publisher and President \/ Foreign Rights Director Aleksandra Sa\u0142uga graduated from the Faculty of Management as well as from the Centre for Latin American Studies, both at the University of Warsaw. She gained her professional experience conducting development aid projects in Kenya, working for Poland-East Africa Economic Foundation, an NGO co-financed by [&hellip;]\" \/>\n<meta property=\"og:url\" content=\"https:\/\/www.wydawnictwoalbatros.com\/en\/our-team\/\" \/>\n<meta property=\"og:site_name\" content=\"Wydawnictwo Albatros\" \/>\n<meta property=\"article:modified_time\" content=\"2023-07-05T12:15:53+00:00\" \/>\n<meta name=\"twitter:card\" content=\"summary_large_image\" \/>\n<script type=\"application\/ld+json\" class=\"yoast-schema-graph\">{\"@context\":\"https:\\\/\\\/schema.org\",\"@graph\":[{\"@type\":\"WebPage\",\"@id\":\"https:\\\/\\\/www.wydawnictwoalbatros.com\\\/en\\\/our-team\\\/\",\"url\":\"https:\\\/\\\/www.wydawnictwoalbatros.com\\\/en\\\/our-team\\\/\",\"name\":\"OUR TEAM - Wydawnictwo Albatros\",\"isPartOf\":{\"@id\":\"https:\\\/\\\/www.wydawnictwoalbatros.com\\\/en\\\/#website\"},\"datePublished\":\"2019-03-10T19:43:58+00:00\",\"dateModified\":\"2023-07-05T12:15:53+00:00\",\"breadcrumb\":{\"@id\":\"https:\\\/\\\/www.wydawnictwoalbatros.com\\\/en\\\/our-team\\\/#breadcrumb\"},\"inLanguage\":\"en-US\",\"potentialAction\":[{\"@type\":\"ReadAction\",\"target\":[\"https:\\\/\\\/www.wydawnictwoalbatros.com\\\/en\\\/our-team\\\/\"]}]},{\"@type\":\"BreadcrumbList\",\"@id\":\"https:\\\/\\\/www.wydawnictwoalbatros.com\\\/en\\\/our-team\\\/#breadcrumb\",\"itemListElement\":[{\"@type\":\"ListItem\",\"position\":1,\"name\":\"Home\",\"item\":\"https:\\\/\\\/www.wydawnictwoalbatros.com\\\/en\\\/\"},{\"@type\":\"ListItem\",\"position\":2,\"name\":\"OUR TEAM\"}]},{\"@type\":\"WebSite\",\"@id\":\"https:\\\/\\\/www.wydawnictwoalbatros.com\\\/en\\\/#website\",\"url\":\"https:\\\/\\\/www.wydawnictwoalbatros.com\\\/en\\\/\",\"name\":\"Wydawnictwo Albatros\",\"description\":\"mi\u0142o\u015bnicy ksi\u0105\u017cek pe\u0142ni pasji\",\"potentialAction\":[{\"@type\":\"SearchAction\",\"target\":{\"@type\":\"EntryPoint\",\"urlTemplate\":\"https:\\\/\\\/www.wydawnictwoalbatros.com\\\/en\\\/?s={search_term_string}\"},\"query-input\":{\"@type\":\"PropertyValueSpecification\",\"valueRequired\":true,\"valueName\":\"search_term_string\"}}],\"inLanguage\":\"en-US\"}]}<\/script>\n<!-- \/ Yoast SEO plugin. -->","yoast_head_json":{"title":"OUR TEAM - Wydawnictwo Albatros","robots":{"index":"index","follow":"follow","max-snippet":"max-snippet:-1","max-image-preview":"max-image-preview:large","max-video-preview":"max-video-preview:-1"},"canonical":"https:\/\/www.wydawnictwoalbatros.com\/en\/our-team\/","og_locale":"en_US","og_type":"article","og_title":"OUR TEAM - Wydawnictwo Albatros","og_description":"Our teamAleksandra Sa\u0142uga Publisher and President \/ Foreign Rights Director Aleksandra Sa\u0142uga graduated from the Faculty of Management as well as from the Centre for Latin American Studies, both at the University of Warsaw. She gained her professional experience conducting development aid projects in Kenya, working for Poland-East Africa Economic Foundation, an NGO co-financed by [&hellip;]","og_url":"https:\/\/www.wydawnictwoalbatros.com\/en\/our-team\/","og_site_name":"Wydawnictwo Albatros","article_modified_time":"2023-07-05T12:15:53+00:00","twitter_card":"summary_large_image","schema":{"@context":"https:\/\/schema.org","@graph":[{"@type":"WebPage","@id":"https:\/\/www.wydawnictwoalbatros.com\/en\/our-team\/","url":"https:\/\/www.wydawnictwoalbatros.com\/en\/our-team\/","name":"OUR TEAM - Wydawnictwo Albatros","isPartOf":{"@id":"https:\/\/www.wydawnictwoalbatros.com\/en\/#website"},"datePublished":"2019-03-10T19:43:58+00:00","dateModified":"2023-07-05T12:15:53+00:00","breadcrumb":{"@id":"https:\/\/www.wydawnictwoalbatros.com\/en\/our-team\/#breadcrumb"},"inLanguage":"en-US","potentialAction":[{"@type":"ReadAction","target":["https:\/\/www.wydawnictwoalbatros.com\/en\/our-team\/"]}]},{"@type":"BreadcrumbList","@id":"https:\/\/www.wydawnictwoalbatros.com\/en\/our-team\/#breadcrumb","itemListElement":[{"@type":"ListItem","position":1,"name":"Home","item":"https:\/\/www.wydawnictwoalbatros.com\/en\/"},{"@type":"ListItem","position":2,"name":"OUR TEAM"}]},{"@type":"WebSite","@id":"https:\/\/www.wydawnictwoalbatros.com\/en\/#website","url":"https:\/\/www.wydawnictwoalbatros.com\/en\/","name":"Wydawnictwo Albatros","description":"mi\u0142o\u015bnicy ksi\u0105\u017cek pe\u0142ni pasji","potentialAction":[{"@type":"SearchAction","target":{"@type":"EntryPoint","urlTemplate":"https:\/\/www.wydawnictwoalbatros.com\/en\/?s={search_term_string}"},"query-input":{"@type":"PropertyValueSpecification","valueRequired":true,"valueName":"search_term_string"}}],"inLanguage":"en-US"}]}},"_links":{"self":[{"href":"https:\/\/www.wydawnictwoalbatros.com\/en\/wp-json\/wp\/v2\/pages\/7660","targetHints":{"allow":["GET"]}}],"collection":[{"href":"https:\/\/www.wydawnictwoalbatros.com\/en\/wp-json\/wp\/v2\/pages"}],"about":[{"href":"https:\/\/www.wydawnictwoalbatros.com\/en\/wp-json\/wp\/v2\/types\/page"}],"author":[{"embeddable":true,"href":"https:\/\/www.wydawnictwoalbatros.com\/en\/wp-json\/wp\/v2\/users\/7"}],"replies":[{"embeddable":true,"href":"https:\/\/www.wydawnictwoalbatros.com\/en\/wp-json\/wp\/v2\/comments?post=7660"}],"version-history":[{"count":0,"href":"https:\/\/www.wydawnictwoalbatros.com\/en\/wp-json\/wp\/v2\/pages\/7660\/revisions"}],"wp:attachment":[{"href":"https:\/\/www.wydawnictwoalbatros.com\/en\/wp-json\/wp\/v2\/media?parent=7660"}],"curies":[{"name":"wp","href":"https:\/\/api.w.org\/{rel}","templated":true}]}}